{"id":8,"date":"2020-02-14T11:26:36","date_gmt":"2020-02-14T10:26:36","guid":{"rendered":"https:\/\/blueheauf.de\/?page_id=8"},"modified":"2025-09-25T11:29:19","modified_gmt":"2025-09-25T09:29:19","slug":"ueber-uns","status":"publish","type":"page","link":"https:\/\/blueheauf.de\/","title":{"rendered":"\u00dcber uns"},"content":{"rendered":"<p><img loading=\"lazy\" decoding=\"async\" class=\"alignnone size-medium wp-image-116\" src=\"https:\/\/blueheauf.de\/wp-content\/uploads\/2020\/02\/Bild-110-s-300x127.jpg\" alt=\"\" width=\"300\" height=\"127\" srcset=\"https:\/\/blueheauf.de\/wp-content\/uploads\/2020\/02\/Bild-110-s-300x127.jpg 300w, https:\/\/blueheauf.de\/wp-content\/uploads\/2020\/02\/Bild-110-s-1024x433.jpg 1024w, https:\/\/blueheauf.de\/wp-content\/uploads\/2020\/02\/Bild-110-s-768x325.jpg 768w, https:\/\/blueheauf.de\/wp-content\/uploads\/2020\/02\/Bild-110-s-1536x650.jpg 1536w, https:\/\/blueheauf.de\/wp-content\/uploads\/2020\/02\/Bild-110-s.jpg 1800w\" sizes=\"auto, (max-width: 300px) 100vw, 300px\" \/><\/p>\n<p>Der Kleing\u00e4rtnerverein &#8222;Bl\u00fche auf&#8220; wurde im M\u00e4rz 1952 gegr\u00fcndet. es gab zun\u00e4chst 150 Parzellen zu je etwa 400 m\u00b2. Im Herbst des gleichen Jahres wurde die Anlage auf 180 Parzellen erweitert. Im November 1957 wurde dann das im Norden der Anlage liegende Brachland eingegliedert und im Jahre 1963 nochmals um 9 G\u00e4rten erweitert. Danach z\u00e4hlte der Verein 217 Gartenparzellen, von denen heute nur noch 215 verpachtet sind.<\/p>\n<p>In den ersten Jahren erstreckten sich die Arbeiten naturgem\u00e4\u00df im wesentlichen auf den Ausbau und die Gestaltung der Gartenanlage. Erst im Jahre 1959 beschlie\u00dfen die Mitglieder auf der Mitgliederversammlung den Bau eines Vereinsheims. Im Juni 1963 fand die Er\u00f6ffnung des Vereinsheimes statt und im Mai 1977 ist dann auch die Erweiterung und Renovierung des Vereinsheimes abgeschlossen. Umbau der Toiletten und der K\u00fcche sowie die Erweiterung des Parkplatzes erfolgten dann 1999.<\/p>\n<p>Bereits im Juni 1977 wurde unsere Frauengruppe gegr\u00fcndet, die viele Jahre von der Gartenfreundin Roswitha Windusch geleitet wurde.\u00a0 Sie waren wesentlich daran beteiligt, dass unsere Vereinsveranstaltungen, wie Sommerfest, Erntedankfest und Weihnachtsfeier, stets ein voller Erfolg waren, was aus Altersgr\u00fcnden diesen Mitgliedern leider nicht mehr m\u00f6glich ist.<\/p>\n<p>Heute k\u00fcmmern sich die j\u00fcngeren Damen des &#8222;Festausschusses&#8220; um das Gelingen der Veranstaltungen.<\/p>\n","protected":false},"excerpt":{"rendered":"<p>Der Kleing\u00e4rtnerverein &#8222;Bl\u00fche auf&#8220; wurde im M\u00e4rz 1952 gegr\u00fcndet. es gab zun\u00e4chst 150 Parzellen zu je etwa 400 m\u00b2. Im Herbst des gleichen Jahres wurde die Anlage auf 180 Parzellen erweitert. Im November 1957&#46;&#46;&#46;<\/p>\n","protected":false},"author":3,"featured_media":0,"parent":0,"menu_order":0,"comment_status":"closed","ping_status":"closed","template":"","meta":{"_lmt_disableupdate":"no","_lmt_disable":"","footnotes":""},"class_list":["post-8","page","type-page","status-publish","hentry"],"_links":{"self":[{"href":"https:\/\/blueheauf.de\/index.php?rest_route=\/wp\/v2\/pages\/8","targetHints":{"allow":["GET"]}}],"collection":[{"href":"https:\/\/blueheauf.de\/index.php?rest_route=\/wp\/v2\/pages"}],"about":[{"href":"https:\/\/blueheauf.de\/index.php?rest_route=\/wp\/v2\/types\/page"}],"author":[{"embeddable":true,"href":"https:\/\/blueheauf.de\/index.php?rest_route=\/wp\/v2\/users\/3"}],"replies":[{"embeddable":true,"href":"https:\/\/blueheauf.de\/index.php?rest_route=%2Fwp%2Fv2%2Fcomments&post=8"}],"version-history":[{"count":6,"href":"https:\/\/blueheauf.de\/index.php?rest_route=\/wp\/v2\/pages\/8\/revisions"}],"predecessor-version":[{"id":281,"href":"https:\/\/blueheauf.de\/index.php?rest_route=\/wp\/v2\/pages\/8\/revisions\/281"}],"wp:attachment":[{"href":"https:\/\/blueheauf.de\/index.php?rest_route=%2Fwp%2Fv2%2Fmedia&parent=8"}],"curies":[{"name":"wp","href":"https:\/\/api.w.org\/{rel}","templated":true}]}}