{"id":661,"date":"2022-06-26T11:53:58","date_gmt":"2022-06-26T09:53:58","guid":{"rendered":"https:\/\/blueheauf.de\/?page_id=661"},"modified":"2025-09-24T15:20:44","modified_gmt":"2025-09-24T13:20:44","slug":"vereinsheim-2","status":"publish","type":"page","link":"https:\/\/blueheauf.de\/?page_id=661","title":{"rendered":"Saalvermietung\/P\u00e4chtersuche"},"content":{"rendered":"<p><span style=\"color: #0000ff;\"><em><strong>Unser Vereinsheim sucht ab sofort oder sp\u00e4ter einen erfahrenen P\u00e4chter.<\/strong><\/em><\/span><\/p>\n<p>Bis wir einen geeigneten P\u00e4chter gefunden haben, verpachten wir den Saal bzw. die komplette Gastst\u00e4tte in Eigenregie.<\/p>\n<p>Anfragen bitte an:\u00a0 Tel: <span style=\"color: #0000ff;\"><strong>0151\/68835013 oder <\/strong><\/span><\/p>\n<p><span style=\"color: #0000ff;\"><strong>per Mail an\u00a0 \u00a0 <a href=\"mailto:StefanDora@web.de\">Stefandora@web.de<\/a><\/strong><\/span><\/p>\n<p>Miete f\u00fcr Vereinsmitglieder:\u00a0 \u00a0 \u00a0 \u00a0 \u00a0 \u00a0250,-\u20ac + 100,-\u20ac Kaution ( f\u00fcr eventuelle Sch\u00e4den) + 50\u20ac Endreinigung<\/p>\n<p>Miete f\u00fcr nicht Vereinsmitglieder:\u00a0 350,-\u20ac + 100,-\u20ac Kaution ( f\u00fcr eventuelle Sch\u00e4den ) + 50\u20ac Endreinigung<\/p>\n","protected":false},"excerpt":{"rendered":"<p>Unser Vereinsheim sucht ab sofort oder sp\u00e4ter einen erfahrenen P\u00e4chter. Bis wir einen geeigneten P\u00e4chter gefunden haben, verpachten wir den Saal bzw. die komplette Gastst\u00e4tte in Eigenregie. Anfragen bitte an:\u00a0 Tel: 0151\/68835013 oder per&#46;&#46;&#46;<\/p>\n","protected":false},"author":1,"featured_media":0,"parent":0,"menu_order":0,"comment_status":"closed","ping_status":"closed","template":"","meta":{"_lmt_disableupdate":"no","_lmt_disable":"","footnotes":""},"class_list":["post-661","page","type-page","status-publish","hentry"],"_links":{"self":[{"href":"https:\/\/blueheauf.de\/index.php?rest_route=\/wp\/v2\/pages\/661","targetHints":{"allow":["GET"]}}],"collection":[{"href":"https:\/\/blueheauf.de\/index.php?rest_route=\/wp\/v2\/pages"}],"about":[{"href":"https:\/\/blueheauf.de\/index.php?rest_route=\/wp\/v2\/types\/page"}],"author":[{"embeddable":true,"href":"https:\/\/blueheauf.de\/index.php?rest_route=\/wp\/v2\/users\/1"}],"replies":[{"embeddable":true,"href":"https:\/\/blueheauf.de\/index.php?rest_route=%2Fwp%2Fv2%2Fcomments&post=661"}],"version-history":[{"count":9,"href":"https:\/\/blueheauf.de\/index.php?rest_route=\/wp\/v2\/pages\/661\/revisions"}],"predecessor-version":[{"id":1219,"href":"https:\/\/blueheauf.de\/index.php?rest_route=\/wp\/v2\/pages\/661\/revisions\/1219"}],"wp:attachment":[{"href":"https:\/\/blueheauf.de\/index.php?rest_route=%2Fwp%2Fv2%2Fmedia&parent=661"}],"curies":[{"name":"wp","href":"https:\/\/api.w.org\/{rel}","templated":true}]}}