{"id":3,"date":"2020-02-14T10:56:19","date_gmt":"2020-02-14T09:56:19","guid":{"rendered":"https:\/\/blueheauf.de\/?page_id=3"},"modified":"2021-07-05T10:54:11","modified_gmt":"2021-07-05T08:54:11","slug":"datenschutzerklaerung","status":"publish","type":"page","link":"https:\/\/blueheauf.de\/?page_id=3","title":{"rendered":"Datenschutzerkl\u00e4rung"},"content":{"rendered":"<h1 style=\"font-size: 1.5em; text-align: center;\">Datenschutzerkl\u00e4rung<\/h1>\n<h2 style=\"font-size: 1.2em;\">Datenschutzverantwortlicher<\/h2>\n<p>Verantwortlich f\u00fcr den Datenschutz ist der <i>Kleing\u00e4rtnerverein &#8222;Bl\u00fche Auf&#8220; e.V. Salzgitter<\/i>. Anschrift: siehe Impressum.<\/p>\n<h2 style=\"font-size: 1.2em;\">zust\u00e4ndige Beh\u00f6rde<\/h2>\n<p>Als \u00dcberwachungsbeh\u00f6rde ist<\/p>\n<p><strong>Die Landesbeauftragte f\u00fcr den Datenschutz Niedersachsen<\/strong><\/p>\n<p>Barbara Thiel<br \/>\nPrinzenstra\u00dfe 5<br \/>\n30159 Hannover<br \/>\nTelefon: +49 (0511) 120 45 00<br \/>\nTelefax: +49 (0511) 120 45 99<br \/>\nE-Mail: poststelle@lfd.niedersachsen.de<\/p>\n<h2 style=\"font-size: 1.2em;\">Cookies<\/h2>\n<p>Die Internetseiten verwenden teilweise so genannte Cookies. Cookies richten auf Ihrem Rechner keinen Schaden an und enthalten keine Viren. Cookies dienen dazu, unser Angebot nutzerfreundlicher, effektiver und sicherer zu machen. Cookies sind kleine Textdateien, die auf Ihrem Rechner abgelegt werden und die Ihr Browser speichert.<\/p>\n<p>Die meisten der von uns verwendeten Cookies sind so genannte \u201eSession-Cookies\u201c. Sie werden nach Ende Ihres Besuchs automatisch gel\u00f6scht. Andere Cookies bleiben auf Ihrem Endger\u00e4t gespeichert, bis Sie diese l\u00f6schen. Diese Cookies erm\u00f6glichen es uns, Ihren Browser beim n\u00e4chsten Besuch wiederzuerkennen.<\/p>\n<p>Sie k\u00f6nnen Ihren Browser so einstellen, dass Sie \u00fcber das Setzen von Cookies informiert werden und Cookies nur im Einzelfall erlauben, die Annahme von Cookies f\u00fcr bestimmte F\u00e4lle oder generell ausschlie\u00dfen sowie das automatische L\u00f6schen<br \/>\nder Cookies beim Schlie\u00dfen des Browser aktivieren. Bei der Deaktivierung von Cookies kann die Funktionalit\u00e4t dieser Website eingeschr\u00e4nkt sein.<\/p>\n<p>&nbsp;<\/p>\n<h2 style=\"font-size: 1.2em;\">Server-Log-Files<\/h2>\n<p>Der Provider der Seiten erhebt und speichert automatisch Informationen in so genannten Server-Log Files, die Ihr Browser automatisch an uns \u00fcbermittelt. Dies sind:<\/p>\n<ul>\n<li>Browsertyp und Browserversion<\/li>\n<li>verwendetes Betriebssystem<\/li>\n<li>Referrer URL<\/li>\n<li>Hostname des zugreifenden Rechners<\/li>\n<li>Uhrzeit der Serveranfrage<\/li>\n<\/ul>\n<p>Diese Daten sind nicht bestimmten Personen zuordenbar. Eine Zusammenf\u00fchrung dieser Daten mit anderen Datenquellen wird nicht vorgenommen. Wir behalten uns vor, diese Daten nachtr\u00e4glich zu pr\u00fcfen, wenn uns konkrete Anhaltspunkte f\u00fcr eine rechtswidrige Nutzung bekannt werden.<\/p>\n<p>&nbsp;<\/p>\n<h2 style=\"font-size: 1.2em;\">SSL-Verschl\u00fcsselung<\/h2>\n<p>Diese Seite nutzt aus Gr\u00fcnden der Sicherheit und zum Schutz der \u00dcbertragung vertraulicher Inhalte, wie zum Beispiel der Anfragen, die Sie an uns als Seitenbetreiber senden, eine SSL-Verschl\u00fcsselung. Eine verschl\u00fcsselte Verbindung erkennen Sie daran, dass die Adresszeile des Browsers von &#8222;http:\/\/&#8220; auf &#8222;https:\/\/&#8220; wechselt und an dem Schloss-Symbol in Ihrer Browserzeile.<\/p>\n<p>Wenn die SSL Verschl\u00fcsselung aktiviert ist, k\u00f6nnen die Daten, die Sie an uns \u00fcbermitteln, nicht von Dritten mitgelesen werden.<\/p>\n<p>&nbsp;<\/p>\n<h2 style=\"font-size: 1.2em;\">Recht auf Auskunft, L\u00f6schung, Sperrung<\/h2>\n<p>Sie haben jederzeit das Recht auf unentgeltliche Auskunft \u00fcber Ihre gespeicherten personenbezogenen Daten, deren Herkunft und Empf\u00e4nger und den Zweck der Datenverarbeitung sowie ein Recht auf Berichtigung, Sperrung oder L\u00f6schung dieser Daten. Hierzu sowie zu weiteren Fragen zum Thema personenbezogene Daten k\u00f6nnen Sie sich jederzeit unter der im Impressum angegebenen Adresse an uns wenden.<\/p>\n<p>&nbsp;<\/p>\n<h2 style=\"font-size: 1.2em;\">WordPress Benutzerstatistiken und Analysen<\/h2>\n<p>Diese Website nutzt keine Plugins zur Analyse des Besucherverhaltens.<\/p>\n<p>Quelle:<br \/>\n<a href=\"https:\/\/www.e-recht24.de\">eRecht24<\/a><\/p>\n","protected":false},"excerpt":{"rendered":"<p>Datenschutzerkl\u00e4rung Datenschutzverantwortlicher Verantwortlich f\u00fcr den Datenschutz ist der Kleing\u00e4rtnerverein &#8222;Bl\u00fche Auf&#8220; e.V. Salzgitter. Anschrift: siehe Impressum. zust\u00e4ndige Beh\u00f6rde Als \u00dcberwachungsbeh\u00f6rde ist Die Landesbeauftragte f\u00fcr den Datenschutz Niedersachsen Barbara Thiel Prinzenstra\u00dfe 5 30159 Hannover Telefon:&#46;&#46;&#46;<\/p>\n","protected":false},"author":3,"featured_media":0,"parent":0,"menu_order":0,"comment_status":"closed","ping_status":"closed","template":"","meta":{"_lmt_disableupdate":"","_lmt_disable":"","footnotes":""},"class_list":["post-3","page","type-page","status-publish","hentry"],"_links":{"self":[{"href":"https:\/\/blueheauf.de\/index.php?rest_route=\/wp\/v2\/pages\/3","targetHints":{"allow":["GET"]}}],"collection":[{"href":"https:\/\/blueheauf.de\/index.php?rest_route=\/wp\/v2\/pages"}],"about":[{"href":"https:\/\/blueheauf.de\/index.php?rest_route=\/wp\/v2\/types\/page"}],"author":[{"embeddable":true,"href":"https:\/\/blueheauf.de\/index.php?rest_route=\/wp\/v2\/users\/3"}],"replies":[{"embeddable":true,"href":"https:\/\/blueheauf.de\/index.php?rest_route=%2Fwp%2Fv2%2Fcomments&post=3"}],"version-history":[{"count":4,"href":"https:\/\/blueheauf.de\/index.php?rest_route=\/wp\/v2\/pages\/3\/revisions"}],"predecessor-version":[{"id":198,"href":"https:\/\/blueheauf.de\/index.php?rest_route=\/wp\/v2\/pages\/3\/revisions\/198"}],"wp:attachment":[{"href":"https:\/\/blueheauf.de\/index.php?rest_route=%2Fwp%2Fv2%2Fmedia&parent=3"}],"curies":[{"name":"wp","href":"https:\/\/api.w.org\/{rel}","templated":true}]}}