{"id":183,"date":"2020-02-15T12:13:36","date_gmt":"2020-02-15T11:13:36","guid":{"rendered":"https:\/\/blueheauf.de\/?page_id=183"},"modified":"2025-12-26T20:31:59","modified_gmt":"2025-12-26T19:31:59","slug":"termine","status":"publish","type":"page","link":"https:\/\/blueheauf.de\/?page_id=183","title":{"rendered":"Termine"},"content":{"rendered":"<p><strong>Termine des Vereinslebens:\u00a0 \u00a0 \u00a0 \u00a0 \u00a0 \u00a0 \u00a0 \u00a0 \u00a0 \u00a0 \u00a0 \u00a0 \u00a0 \u00a0 \u00a0 \u00a0 \u00a0 \u00a0 \u00a0 \u00a0 \u00a0 Bitte <span style=\"color: #ff0000;\">immer<\/span> die Schauk\u00e4sten beachten!!!<\/strong><\/p>\n<pre> \r\n<\/pre>\n<pre>\r\n<strong>Januar 2026\r\n\r\n<\/strong>04.01.2026             Neujahrsfr\u00fchst\u00fcck            ab 10 Uhr       (mit Anmeldung)\r\n\r\n07.01.2026             Sprechstunde                 16:00 - 17:00\r\n                        Vorstandssitzung             ab 17:00\r\n<strong>Februar 2026\r\n\r\n<\/strong>04.02.2026             Sprechstunde                 16:00 - 17:00 Uhr \r\n                        Vorstandssitzung             ab 17:00 Uhr\r\n\r\n14.02.2026             Faschingsfeier               ab 20 Uhr\r\n\r\n<strong>M\u00e4rz 2026\r\n\r\n<\/strong>04.03.2026             Sprechstunde                 16:00 - 17:00 Uhr\r\n                        Vorstandssitzung             ab 17:00 Uhr     \r\n\r\n07.03.2026             Jahreshauptversammlung       15 Uhr \r\n\r\n28.03.2026             Wasser anstellen             \r\n\r\n<strong>April 2026\r\n\r\n<\/strong>01.04.2026             Sprechstunde                 16:00 - 17:00 Uhr \r\n                        Vorstandssitzung             ab 17:00 Uhr\r\n\r\n04.04.2026             Osterfeuer                   ab 16 Uhr   \r\n\r\n11.04.2026             Gartenbegehung \r\n\r\n<strong>Mai 2026\r\n\r\n<\/strong>02.05.2026             Tanz im Mai                  ab 20 Uhr\r\n\r\n06.05.2026             Sprechstunde                 16:00 - 17:00 Uhr<\/pre>\n<pre>                       Vorstandssitzung             ab 17:00 Uhr \r\n\r\n<strong>Juni 2026\r\n\r\n<\/strong>03.06.2026             Sprechstunde                 16:00 - 17:00 Uhr \r\n                       Vorstandssitzung             ab 17:00 Uhr\r\n\r\n14.06.2026             Gartenflohmarkt              ab 14 Uhr\r\n\r\n<strong>Juli 2026<\/strong>\r\n\r\n01.07.2026             Sprechstunde                16:00 - 17:00 Uhr\r\n                       Vorstandssitzung             ab 17:00 Uhr\r\n\r\n11.07.2026             Sommerfest                  ab 14:00 Uhr \r\n\r\n<strong><span style=\"color: #ff0000;\">August 2026            Sommerpause<\/span>\r\n\r\nSeptember 2026\r\n\r\n<\/strong>02.09.2026             Sprechstunde                 16:00 - 17:00 Uhr\r\n                       Vorstandssitzung             ab 17:00 Uhr\r\n\r\n12.09.2026             Gartenbegehung\r\n \r\n\r\n26.09.2026              Oktoberfest                  ab 20 Uhr\r\n\r\n<strong>Oktober 2026\r\n<\/strong>04.10.2026              Erntedankfr\u00fchst\u00fcck           ab 10:00 Uhr          (mit Anmeldung)\r\n\r\n07.10.2026              Sprechstunde                 16:00 - 17:00\r\n                        Vorstandssitzung             ab 17:00\r\n\r\n24.10.2026              Schornsteinfeger             ab 8 Uhr\r\n                        Wasser &amp; Strom ablesen       ab 9 Uhr\r\n ( G\u00e4rten haben offen zu sein es ist Zugang zu den Stromz\u00e4hlern zu gew\u00e4hren)\r\n<strong>November 2026<\/strong>\r\n21.11.2026              Sprechstunde                 15:30 - 16:30\r\n                        Vorstandssitzung             ab 16:30\r\n\r\n<strong>Dezember 2026<\/strong>\r\n05.12.2026              Weihnachtsmarkt              ab 16:00 Uhr\r\n\r\n\r\n<\/pre>\n<p>&nbsp;<\/p>\n<table style=\"height: 68px;\" border=\"0\" width=\"5\">\n<tbody>\n<tr>\n<td><\/td>\n<td><\/td>\n<\/tr>\n<tr>\n<td style=\"text-align: center;\" colspan=\"2\"><\/td>\n<\/tr>\n<tr>\n<td style=\"text-align: center;\"><\/td>\n<td><\/td>\n<\/tr>\n<\/tbody>\n<\/table>\n<p>&nbsp;<\/p>\n<hr \/>\n<hr \/>\n<p>&nbsp;<\/p>\n<h3 style=\"text-align: center;\"><\/h3>\n<p>&nbsp;<\/p>\n<hr \/>\n<p>&nbsp;<\/p>\n<hr \/>\n<p>&nbsp;<\/p>\n","protected":false},"excerpt":{"rendered":"<p>Termine des Vereinslebens:\u00a0 \u00a0 \u00a0 \u00a0 \u00a0 \u00a0 \u00a0 \u00a0 \u00a0 \u00a0 \u00a0 \u00a0 \u00a0 \u00a0 \u00a0 \u00a0 \u00a0 \u00a0 \u00a0 \u00a0 \u00a0 Bitte immer die Schauk\u00e4sten beachten!!! Januar 2026 04.01.2026 Neujahrsfr\u00fchst\u00fcck ab 10&#46;&#46;&#46;<\/p>\n","protected":false},"author":3,"featured_media":0,"parent":0,"menu_order":0,"comment_status":"closed","ping_status":"closed","template":"page-templates\/child-menu.php","meta":{"_lmt_disableupdate":"no","_lmt_disable":"","footnotes":""},"class_list":["post-183","page","type-page","status-publish","hentry"],"_links":{"self":[{"href":"https:\/\/blueheauf.de\/index.php?rest_route=\/wp\/v2\/pages\/183","targetHints":{"allow":["GET"]}}],"collection":[{"href":"https:\/\/blueheauf.de\/index.php?rest_route=\/wp\/v2\/pages"}],"about":[{"href":"https:\/\/blueheauf.de\/index.php?rest_route=\/wp\/v2\/types\/page"}],"author":[{"embeddable":true,"href":"https:\/\/blueheauf.de\/index.php?rest_route=\/wp\/v2\/users\/3"}],"replies":[{"embeddable":true,"href":"https:\/\/blueheauf.de\/index.php?rest_route=%2Fwp%2Fv2%2Fcomments&post=183"}],"version-history":[{"count":77,"href":"https:\/\/blueheauf.de\/index.php?rest_route=\/wp\/v2\/pages\/183\/revisions"}],"predecessor-version":[{"id":1226,"href":"https:\/\/blueheauf.de\/index.php?rest_route=\/wp\/v2\/pages\/183\/revisions\/1226"}],"wp:attachment":[{"href":"https:\/\/blueheauf.de\/index.php?rest_route=%2Fwp%2Fv2%2Fmedia&parent=183"}],"curies":[{"name":"wp","href":"https:\/\/api.w.org\/{rel}","templated":true}]}}