{"id":181,"date":"2020-02-15T12:13:21","date_gmt":"2020-02-15T11:13:21","guid":{"rendered":"https:\/\/blueheauf.de\/?page_id=181"},"modified":"2025-09-24T15:17:42","modified_gmt":"2025-09-24T13:17:42","slug":"der-vorstand","status":"publish","type":"page","link":"https:\/\/blueheauf.de\/?page_id=181","title":{"rendered":"Der Vorstand"},"content":{"rendered":"<p><strong>Kleiner \u00dcberblick \u00fcber die Vorstandsarbeit:<\/strong><\/p>\n<p>Der Vorstand besteht aus dem Vorsitzenden, seinem Stellvertreter, der Kassierer\/in, der Schriftf\u00fchrer\/in und dem Fachberater\/in. Je zwei von ihnen sind gemeinsam berechtigt, den Verein zu vertreten, von denen einer der Vorsitzende oder sein Stellvertreter und einer der Kassierer oder Schriftf\u00fchrer sein muss.<\/p>\n<p>Der\/Die Vorsitzende k\u00fcmmert sich um alle Belange, die den Verein betreffen. Er nimmt z.B. K\u00fcndigungen der P\u00e4chter entgegen, veranla\u00dft die Wertermittlungen und f\u00fchrt die Garten\u00fcberschreibungen an Neup\u00e4chter zusammen mit der Kassierer\/in durch. Er leitet die monatlichen Vorstandssitzungen mit dem erweiterten Vorstand, die Jahreshauptversammlung und hat f\u00fcr alle Probleme der Mitglieder ein offenes Ohr.<\/p>\n<p>Der Stellvertreter\/in regelt die Durchf\u00fchrung der einmal w\u00f6chentlich stattfindenden Gemeinschaftsstunden. Er achtet darauf, dass dringend erforderliche Arbeiten in der Anlage ausgef\u00fchrt werden. Im Notfall \u00fcbernimmt er die Aufgaben des Vorsitzenden.<\/p>\n<p>Die Kassierer\/in k\u00fcmmert sich um die ordnungsgem\u00e4\u00dfen Buchungen der Vereinsgelder. Sie stellt die Jahresabrechnungen zusammen und sorgt daf\u00fcr, dass alle Mitglieder ihre Abrechnung im Januar zugestellt bekommen und diese bis zum 30. M\u00e4rz bezahlt haben. Sollte dies nicht der Fall sein, ist sie zust\u00e4ndig daf\u00fcr, Mahnungen zu verschicken und gegebenenfalls zusammen mit dem Vorsitzenden Mahnverfahren einzuleiten. Au\u00dferdem f\u00fchrt sie mit dem Vorsitzenden die Garten\u00fcberschreibungen durch.<\/p>\n<p>Die Schriftf\u00fchrer\/in erstellt die Protokolle der Vorstandssitzungen sowie der Jahreshauptversammlung. Sie f\u00fchrt einen gro\u00dfen Teil des Schriftverkehrs durch, k\u00fcmmert sich um wichtige Aush\u00e4nge in unseren Schauk\u00e4sten und verschickt Gl\u00fcckwunschkarten bei besonderen Anl\u00e4ssen.<\/p>\n<p>Der Fachberater\/in ist berechtigt, Wertermittlungen f\u00fcr gek\u00fcndigte Parzellen durchzuf\u00fchren. Zur Seite stehen Ihm dabei zwei Helfer aus der Mitgliedschaft. Er k\u00fcmmert sich um Baum-und Heckenschnitt und achtet zusammen mit den Wegewarten auf den Zustand der einzelnen G\u00e4rten und der gesamten Anlage.<\/p>\n<p>Dar\u00fcber hinaus gibt es noch zahlreiche Mitglieder, die sich um Wasser, Strom, um Werkstatt und Leerung der F\u00e4kaliengruben usw. k\u00fcmmern.<\/p>\n<p>Alle diese Arbeiten werden<strong> ehrenamtlich<\/strong> und in der Freizeit verrichtet.<\/p>\n<p>Vorsitzender : Stefan Dora\u00a0 \u00a0 <a href=\"mailto:Stefandora@web.de\"><img loading=\"lazy\" decoding=\"async\" class=\"alignnone wp-image-659\" src=\"https:\/\/blueheauf.de\/wp-content\/uploads\/2022\/06\/Mail.png\" alt=\"\" width=\"18\" height=\"18\" srcset=\"https:\/\/blueheauf.de\/wp-content\/uploads\/2022\/06\/Mail.png 225w, https:\/\/blueheauf.de\/wp-content\/uploads\/2022\/06\/Mail-150x150.png 150w, https:\/\/blueheauf.de\/wp-content\/uploads\/2022\/06\/Mail-80x80.png 80w\" sizes=\"auto, (max-width: 18px) 100vw, 18px\" \/><\/a><\/p>\n<p>stellvertretender Vorsitzender: Axel Wenkel\u00a0 \u00a0 <a href=\"mailto:Stefandora@web.de\"><img loading=\"lazy\" decoding=\"async\" class=\"alignnone\" src=\"https:\/\/blueheauf.de\/wp-content\/uploads\/2022\/06\/Mail.png\" alt=\"\" width=\"19\" height=\"19\" \/><\/a><\/p>\n<p>Kassierer: Ali Ivg\u00fcn\u00a0 \u00a0 <a href=\"mailto: Ivguen@t-online.de\"><img loading=\"lazy\" decoding=\"async\" class=\"alignnone\" src=\"https:\/\/blueheauf.de\/wp-content\/uploads\/2022\/06\/Mail.png\" alt=\"\" width=\"17\" height=\"17\" \/><\/a><\/p>\n<p>Schriftf\u00fchrerin: Rebecca Dora\u00a0 \u00a0 <a href=\"mailto:Rebeccadora@web.de\"><img loading=\"lazy\" decoding=\"async\" class=\"alignnone\" src=\"https:\/\/blueheauf.de\/wp-content\/uploads\/2022\/06\/Mail.png\" alt=\"\" width=\"19\" height=\"19\" \/><\/a><\/p>\n<p>Fachberater: Lutz Prahl\u00a0 \u00a0 <a href=\"mailto: prahllutz@gmail.com\"><img loading=\"lazy\" decoding=\"async\" class=\"alignnone\" src=\"https:\/\/blueheauf.de\/wp-content\/uploads\/2022\/06\/Mail.png\" alt=\"\" width=\"18\" height=\"18\" \/><\/a><\/p>\n<p>&nbsp;<\/p>\n<p>&nbsp;<\/p>\n","protected":false},"excerpt":{"rendered":"<p>Kleiner \u00dcberblick \u00fcber die Vorstandsarbeit: Der Vorstand besteht aus dem Vorsitzenden, seinem Stellvertreter, der Kassierer\/in, der Schriftf\u00fchrer\/in und dem Fachberater\/in. Je zwei von ihnen sind gemeinsam berechtigt, den Verein zu vertreten, von denen einer&#46;&#46;&#46;<\/p>\n","protected":false},"author":3,"featured_media":0,"parent":0,"menu_order":0,"comment_status":"closed","ping_status":"closed","template":"","meta":{"_lmt_disableupdate":"no","_lmt_disable":"","footnotes":""},"class_list":["post-181","page","type-page","status-publish","hentry"],"_links":{"self":[{"href":"https:\/\/blueheauf.de\/index.php?rest_route=\/wp\/v2\/pages\/181","targetHints":{"allow":["GET"]}}],"collection":[{"href":"https:\/\/blueheauf.de\/index.php?rest_route=\/wp\/v2\/pages"}],"about":[{"href":"https:\/\/blueheauf.de\/index.php?rest_route=\/wp\/v2\/types\/page"}],"author":[{"embeddable":true,"href":"https:\/\/blueheauf.de\/index.php?rest_route=\/wp\/v2\/users\/3"}],"replies":[{"embeddable":true,"href":"https:\/\/blueheauf.de\/index.php?rest_route=%2Fwp%2Fv2%2Fcomments&post=181"}],"version-history":[{"count":19,"href":"https:\/\/blueheauf.de\/index.php?rest_route=\/wp\/v2\/pages\/181\/revisions"}],"predecessor-version":[{"id":647,"href":"https:\/\/blueheauf.de\/index.php?rest_route=\/wp\/v2\/pages\/181\/revisions\/647"}],"wp:attachment":[{"href":"https:\/\/blueheauf.de\/index.php?rest_route=%2Fwp%2Fv2%2Fmedia&parent=181"}],"curies":[{"name":"wp","href":"https:\/\/api.w.org\/{rel}","templated":true}]}}